{"id":8913,"date":"2018-04-03T11:00:50","date_gmt":"2018-04-03T11:00:50","guid":{"rendered":"https:\/\/consultix.radiantthemes.com\/demo-nine\/?page_id=8913"},"modified":"2023-04-18T11:08:33","modified_gmt":"2023-04-18T11:08:33","slug":"sobre-nosotros","status":"publish","type":"page","link":"https:\/\/smartlifeworld.org\/?page_id=8913","title":{"rendered":"Sobre Nosotros"},"content":{"rendered":"<div class=\"wpb-content-wrapper\"><p>[vc_row full_width=\u00bbstretch_row_content\u00bb gap=\u00bb10&#8243; css=\u00bb.vc_custom_1673302198041{margin-top: 0px !important;margin-bottom: 0px !important;padding-top: 80px !important;padding-right: 4% !important;padding-bottom: 52px !important;padding-left: 4% !important;}\u00bb][vc_column css=\u00bb.vc_custom_1675800190681{margin-top: 0px !important;margin-bottom: 0px !important;padding-top: 0px !important;padding-bottom: 0px !important;padding-left: 6% !important;background-color: #ffffff !important;}\u00bb offset=\u00bbvc_col-lg-6 vc_col-md-12&#8243;][vc_custom_heading text=\u00bbTomar decisiones inteligentes, nos inspira a orientarte<br \/>\n\u00a1Toma las tuyas!\u00bb font_container=\u00bbtag:h2|font_size:31|text_align:left|color:%23003057&#8243; use_theme_fonts=\u00bbyes\u00bb css_animation=\u00bbfadeIn\u00bb el_class=\u00bbheading-left-border\u00bb][vc_custom_heading text=\u00bbEn 2012, nuestra compa\u00f1\u00eda naci\u00f3 con la finalidad de apoyar a todas las personas a tomar decisiones que les permitan vivir una vida sin l\u00edmites, disfrutando al m\u00e1ximo cada momento, bajo la tranquilidad de sentirse apoyados, respaldados y resguardados por un sistema de p\u00f3lizas de cobertura segura y de confianza.\u00bb font_container=\u00bbtag:p|text_align:left\u00bb use_theme_fonts=\u00bbyes\u00bb css=\u00bb.vc_custom_1667268352856{margin-top: 30px !important;margin-bottom: 0px !important;}\u00bb][vc_custom_heading text=\u00bbHoy, son miles los clientes satisfechos, que han confiado en nuestros servicios. En Smartlife nos conectamos contigo, y encontramos servicios adaptados a tus necesidades. Contamos con el respaldo de las mejores aseguradoras a nivel internacional.\u00bb font_container=\u00bbtag:p|text_align:left\u00bb use_theme_fonts=\u00bbyes\u00bb css=\u00bb.vc_custom_1664749332512{margin-top: 30px !important;margin-bottom: 0px !important;}\u00bb][\/vc_column][vc_column css_animation=\u00bbfadeInUp\u00bb width=\u00bb1\/2&#8243; css=\u00bb.vc_custom_1665693177493{margin-top: 0px !important;margin-bottom: 0px !important;border-right-width: 1px !important;padding-top: 0px !important;padding-right: 30px !important;padding-bottom: 0px !important;padding-left: 30px !important;background-color: #ffffff !important;border-right-color: #eaeaea !important;border-right-style: solid !important;border-radius: 1px !important;}\u00bb el_class=\u00bbhover-box\u00bb offset=\u00bbvc_col-lg-3 vc_col-md-6&#8243;][vc_single_image image=\u00bb11846&#8243; img_size=\u00bbfull\u00bb css=\u00bb.vc_custom_1673368888414{margin-top: 0px !important;margin-bottom: 0px !important;}\u00bb][vc_custom_heading text=\u00bbAutenticidad y transparencia.\u00bb font_container=\u00bbtag:h3|font_size:18px|text_align:left|color:%23003057|line_height:30px\u00bb use_theme_fonts=\u00bbyes\u00bb css=\u00bb.vc_custom_1667839275706{margin-top: 20px !important;margin-bottom: 20px !important;}\u00bb][vc_custom_heading text=\u00bbNuestra prioridad es ofrecerte un servicio confiable.\u00bb font_container=\u00bbtag:p|text_align:left\u00bb use_theme_fonts=\u00bbyes\u00bb css=\u00bb.vc_custom_1668480890014{margin-top: 0px !important;margin-bottom: 0px !important;}\u00bb][\/vc_column][vc_column css_animation=\u00bbfadeInUp\u00bb width=\u00bb1\/2&#8243; css=\u00bb.vc_custom_1665693183253{margin-top: 0px !important;margin-bottom: 0px !important;padding-top: 0px !important;padding-right: 30px !important;padding-bottom: 0px !important;padding-left: 30px !important;background-color: #ffffff !important;}\u00bb el_class=\u00bbhover-box\u00bb offset=\u00bbvc_col-lg-3 vc_col-md-6&#8243;][vc_single_image image=\u00bb11845&#8243; img_size=\u00bbfull\u00bb css=\u00bb.vc_custom_1665521925561{margin-top: 0px !important;margin-bottom: 0px !important;}\u00bb][vc_custom_heading text=\u00bbCompromiso e integridad.\u00bb font_container=\u00bbtag:h3|font_size:18px|text_align:left|color:%23003057|line_height:30px\u00bb use_theme_fonts=\u00bbyes\u00bb css=\u00bb.vc_custom_1667839283634{margin-top: 20px !important;margin-bottom: 20px !important;}\u00bb][vc_custom_heading text=\u00bbTrabajamos fervientemente en proveerte solidez financiera y seguridad econ\u00f3mica.\u00bb font_container=\u00bbtag:p|text_align:left\u00bb use_theme_fonts=\u00bbyes\u00bb css=\u00bb.vc_custom_1664749385559{margin-top: 0px !important;margin-bottom: 0px !important;}\u00bb][\/vc_column][\/vc_row][vc_row full_width=\u00bbstretch_row_content\u00bb equal_height=\u00bbyes\u00bb content_placement=\u00bbmiddle\u00bb css_animation=\u00bbfadeInUp\u00bb css=\u00bb.vc_custom_1668480930539{padding-top: 0px !important;padding-bottom: 0px !important;background-color: #f6f7fc !important;background-position: center !important;background-repeat: no-repeat !important;background-size: cover !important;}\u00bb][vc_column width=\u00bb1\/2&#8243; el_class=\u00bboverlay-holder\u00bb css=\u00bb.vc_custom_1668480988938{margin-top: 0px !important;margin-right: 0px !important;margin-bottom: 0px !important;margin-left: 0px !important;padding-top: 0px !important;padding-right: 0px !important;padding-bottom: 0px !important;padding-left: 0px !important;background-image: url(https:\/\/smartlifeworld.org\/wp-content\/uploads\/2022\/11\/Conoce-mas-sobre-nuestras-soluciones.jpg?id=12198) !important;background-position: center !important;background-repeat: no-repeat !important;background-size: cover !important;}\u00bb][vc_single_image image=\u00bb8989&#8243; img_size=\u00bbfull\u00bb css_animation=\u00bbfadeInLeft\u00bb css=\u00bb.vc_custom_1665693243279{margin-top: 0px !important;margin-right: 0px !important;margin-bottom: 0px !important;margin-left: 0px !important;padding-top: 0px !important;padding-right: 0px !important;padding-bottom: 0px !important;padding-left: 0px !important;}\u00bb el_class=\u00bbhidden-lg hidden-md hidden-sm visible-xs full-width-image\u00bb][\/vc_column][vc_column width=\u00bb1\/2&#8243; css=\u00bb.vc_custom_1673302475363{margin-left: 3% !important;padding-top: 5% !important;padding-right: 5% !important;padding-bottom: 5% !important;padding-left: 5% !important;}\u00bb][vc_empty_space height=\u00bb50&#8243;][vc_custom_heading text=\u00bbConoce m\u00e1s sobre nuestras soluciones disponibles en el Wealth Management.\u00bb font_container=\u00bbtag:h2|font_size:31|text_align:left|color:%23003057&#8243; use_theme_fonts=\u00bbyes\u00bb el_class=\u00bbheading-left-border\u00bb][vc_custom_heading text=\u00bbNuestro equipo siempre estar\u00e1 disponible para apoyarte, en cualquier pa\u00eds del mundo. Tus requerimientos y necesidades, son nuestra prioridad.\u00bb font_container=\u00bbtag:p|text_align:left\u00bb use_theme_fonts=\u00bbyes\u00bb css=\u00bb.vc_custom_1664749421774{margin-top: 30px !important;margin-bottom: 35px !important;}\u00bb]\r<!-- rt-button2 -->\r<div class=\"rt-button2 element-two hover-style-four ex69680a43645d407  font-bold\"  data-button-direction=\"left\" data-button-fullwidth=\"false\" ><a style=\" color: #ffffff; line-height: 14px; font-size: 12px;\" class=\"rt-button2-main  vc_custom_1681816105139\" href=\"https:\/\/smartlifeworld.org\/servicios\/\"  title=\"\" target=\"_self\"><div class=\"overlay\"><\/div><div class=\"placeholder\">LEER M\u00c1S<\/div><\/a><\/div>\r<!-- rt-button2 -->\r[vc_empty_space height=\u00bb50&#8243;][\/vc_column][\/vc_row][vc_row full_width=\u00bbstretch_row_content\u00bb equal_height=\u00bbyes\u00bb content_placement=\u00bbmiddle\u00bb css_animation=\u00bbfadeInUp\u00bb css=\u00bb.vc_custom_1666194175903{padding-top: 0px !important;padding-bottom: 0px !important;background-color: #f6f7fc !important;}\u00bb][vc_column width=\u00bb1\/2&#8243; css=\u00bb.vc_custom_1666104884330{padding-top: 50px !important;padding-right: 3% !important;padding-bottom: 50px !important;padding-left: 11% !important;}\u00bb][vc_custom_heading text=\u00bbAlgunas razones para elegirnos\u00bb font_container=\u00bbtag:h2|font_size:31|text_align:left|color:%23003057&#8243; use_theme_fonts=\u00bbyes\u00bb el_class=\u00bbheading-left-border\u00bb]\r<!-- list -->\r<div class=\"rt-list rt8481cfc7-751d-1 element-four    vc_custom_1673973800302\" ><p><\/p>\n<ul>\n<li>Atenci\u00f3n inmediata y personalizada<\/li>\n<li>Transparencia<\/li>\n<li>Confiabilidad<\/li>\n<li>Seguridad<\/li>\n<li>Contamos con mas de una d\u00e9cada en el mercado<\/li>\n<li>Representamos a un holding de las mejores compa\u00f1\u00edas aseguradoras y financieras del mundo<\/li>\n<li>Nos adaptamos a tus requerimientos<\/li>\n<\/ul>\n<p><\/p><\/div>\r<!-- list -->\r[\/vc_column][vc_column css_animation=\u00bbnone\u00bb width=\u00bb1\/2&#8243; css=\u00bb.vc_custom_1668481104939{margin-top: 0px !important;margin-bottom: 0px !important;padding-top: 0px !important;padding-right: 0px !important;padding-bottom: 0px !important;padding-left: 0px !important;background-image: url(https:\/\/smartlifeworld.org\/wp-content\/uploads\/2022\/10\/nosotros-pagina-2.2-web.jpg?id=12005) !important;background-position: center !important;background-repeat: no-repeat !important;background-size: cover !important;}\u00bb][vc_single_image image=\u00bb8989&#8243; img_size=\u00bbfull\u00bb css_animation=\u00bbfadeInLeft\u00bb css=\u00bb.vc_custom_1665693243279{margin-top: 0px !important;margin-right: 0px !important;margin-bottom: 0px !important;margin-left: 0px !important;padding-top: 0px !important;padding-right: 0px !important;padding-bottom: 0px !important;padding-left: 0px !important;}\u00bb el_class=\u00bbhidden-lg hidden-md hidden-sm visible-xs full-width-image\u00bb][\/vc_column][\/vc_row][vc_row full_width=\u00bbstretch_row\u00bb equal_height=\u00bbyes\u00bb content_placement=\u00bbbottom\u00bb css_animation=\u00bbfadeInUp\u00bb css=\u00bb.vc_custom_1667838975517{background-color: #00aeef !important;}\u00bb][vc_column width=\u00bb1\/2&#8243; css=\u00bb.vc_custom_1665526629180{margin-bottom: -6% !important;}\u00bb][vc_single_image image=\u00bb12183&#8243; img_size=\u00bbfull\u00bb alignment=\u00bbcenter\u00bb][\/vc_column][vc_column width=\u00bb1\/2&#8243; css=\u00bb.vc_custom_1667838980877{margin-top: 3% !important;margin-bottom: 1% !important;padding-right: 25px !important;padding-bottom: 70px !important;padding-left: 50px !important;}\u00bb][vc_custom_heading text=\u00bbTestimonios\u00bb font_container=\u00bbtag:h1|text_align:left|color:%23ffffff\u00bb use_theme_fonts=\u00bbyes\u00bb el_class=\u00bbheading-left-border\u00bb][vc_custom_heading text=\u00bbEstas son algunas experiencias de familias que han confiado<br \/>\nen nuestros servicios.\u00bb font_container=\u00bbtag:p|text_align:left|color:%23ffffff\u00bb use_theme_fonts=\u00bbyes\u00bb css=\u00bb.vc_custom_1667839393545{margin-top: 30px !important;margin-bottom: 25px !important;}\u00bb]\r<!-- rt-button2 -->\r<div class=\"rt-button2 element-two hover-style-four ex49847c4cf29eb3d  font-bold\"  data-button-direction=\"left\" data-button-fullwidth=\"false\" ><a style=\" color: #ffffff; line-height: 20px; font-size: 12px;\" class=\"rt-button2-main  vc_custom_1668481155054\" href=\"https:\/\/www.instagram.com\/stories\/highlights\/17860870751065544\/?hl=es\"  title=\"\" target=\"_blank\"><div class=\"overlay\"><\/div><div class=\"placeholder\">VER TESTIMONIOS<\/div><\/a><\/div>\r<!-- rt-button2 -->\r[vc_empty_space height=\u00bb45px\u00bb][\/vc_column][\/vc_row][vc_row full_width=\u00bbstretch_row\u00bb css_animation=\u00bbfadeInUp\u00bb css=\u00bb.vc_custom_1673302395352{margin-left: 3% !important;padding-top: 4% !important;padding-bottom: 4% !important;background-color: #f2f2f2 !important;}\u00bb][vc_column width=\u00bb1\/3&#8243;][vc_row_inner][vc_column_inner width=\u00bb1\/4&#8243; css=\u00bb.vc_custom_1665758881198{margin-left: 8% !important;}\u00bb][vc_single_image image=\u00bb11996&#8243; img_size=\u00bbfull\u00bb][\/vc_column_inner][vc_column_inner width=\u00bb3\/4&#8243;]<div style=\"text-align:left;font-size:48px;line-height:40px;color:#131313;\" class=\"rt-counterup element-one \"  data-counterup-delay=\"100\" data-counterup-time=\"1000\">12<\/div>[vc_custom_heading text=\u00bbA\u00f1os en<br \/>\nel marcado\u00bb font_container=\u00bbtag:p|font_size:18px|text_align:left|color:%23131313|line_height:30px\u00bb use_theme_fonts=\u00bbyes\u00bb el_class=\u00bbfont-weight-medium\u00bb css=\u00bb.vc_custom_1668481202259{margin-top: 8px !important;margin-bottom: 0px !important;padding-top: 0px !important;padding-bottom: 0px !important;}\u00bb][\/vc_column_inner][\/vc_row_inner][\/vc_column][vc_column width=\u00bb1\/3&#8243;][vc_row_inner][vc_column_inner width=\u00bb1\/4&#8243;][vc_single_image image=\u00bb11997&#8243; img_size=\u00bbfull\u00bb][\/vc_column_inner][vc_column_inner width=\u00bb3\/4&#8243;]<div style=\"text-align:left;font-size:48px;line-height:40px;color:#131313;\" class=\"rt-counterup element-one \"  data-counterup-delay=\"100\" data-counterup-time=\"1000\">34<\/div>[vc_custom_heading text=\u00bbPa\u00edses en<br \/>\nlas Am\u00e9rica\u00bb font_container=\u00bbtag:p|font_size:18px|text_align:left|color:%23131313|line_height:30px\u00bb use_theme_fonts=\u00bbyes\u00bb el_class=\u00bbfont-weight-medium\u00bb css=\u00bb.vc_custom_1667765221953{margin-top: 8px !important;margin-bottom: 0px !important;padding-top: 0px !important;padding-bottom: 0px !important;}\u00bb][\/vc_column_inner][\/vc_row_inner][\/vc_column][vc_column width=\u00bb1\/3&#8243;][vc_row_inner][vc_column_inner width=\u00bb1\/4&#8243;][vc_single_image image=\u00bb11998&#8243; img_size=\u00bbfull\u00bb][\/vc_column_inner][vc_column_inner width=\u00bb3\/4&#8243;][vc_custom_heading text=\u00bbMiles\u00bb font_container=\u00bbtag:p|font_size:48px|text_align:left|color:%23131313|line_height:40px\u00bb use_theme_fonts=\u00bbyes\u00bb el_class=\u00bbfont-bold\u00bb][vc_custom_heading text=\u00bbDe p\u00f3lizas<br \/>\nConcretadas\u00bb font_container=\u00bbtag:p|font_size:18px|text_align:left|color:%23131313|line_height:30px\u00bb use_theme_fonts=\u00bbyes\u00bb el_class=\u00bbfont-bold\u00bb css=\u00bb.vc_custom_1666104765183{margin-top: 8px !important;margin-bottom: 0px !important;padding-top: 0px !important;padding-bottom: 0px !important;}\u00bb][\/vc_column_inner][\/vc_row_inner][\/vc_column][\/vc_row][vc_section full_width=\u00bbstretch_row\u00bb css=\u00bb.vc_custom_1666104658612{margin-top: 0px !important;margin-bottom: 0px !important;border-top-width: 1px !important;border-bottom-width: 1px !important;padding-top: 80px !important;padding-bottom: 80px !important;background-color: #f6f7fc !important;border-top-color: #eceded !important;border-top-style: solid !important;border-bottom-color: #eceded !important;border-bottom-style: solid !important;}\u00bb el_class=\u00bbhidden-lg visible-md visible-sm visible-xs\u00bb][vc_row css=\u00bb.vc_custom_1522733950546{margin-top: 0px !important;margin-bottom: 0px !important;}\u00bb][vc_column width=\u00bb1\/3&#8243; css=\u00bb.vc_custom_1610017299057{margin-top: 0px !important;margin-bottom: 0px !important;padding-top: 0px !important;padding-bottom: 0px !important;padding-left: 100px !important;background-image: url(https:\/\/smartlifeworld.org\/wp-content\/uploads\/2018\/04\/Successfully-2.png?id=9606) !important;background-position: 0 0 !important;background-repeat: no-repeat !important;}\u00bb el_class=\u00bbafter-border\u00bb][vc_custom_heading text=\u00bb9&#8243; font_container=\u00bbtag:p|font_size:38px|text_align:left|color:%23ffffff|line_height:30px\u00bb use_theme_fonts=\u00bbyes\u00bb el_class=\u00bbfont-resize font-bold\u00bb][vc_custom_heading text=\u00bbA\u00f1os\u00bb font_container=\u00bbtag:p|font_size:18px|text_align:left|color:%23ffffff|line_height:30px\u00bb use_theme_fonts=\u00bbyes\u00bb el_class=\u00bbfont-weight-medium\u00bb css=\u00bb.vc_custom_1665711957617{margin-top: 8px !important;margin-bottom: 0px !important;padding-top: 0px !important;padding-bottom: 0px !important;}\u00bb][vc_custom_heading text=\u00bbEn el mercado\u00bb font_container=\u00bbtag:p|font_size:18px|text_align:left|color:%23ffffff|line_height:26px\u00bb use_theme_fonts=\u00bbyes\u00bb css=\u00bb.vc_custom_1665711942137{margin-top: 0px !important;margin-bottom: 0px !important;padding-top: 0px !important;padding-bottom: 0px !important;}\u00bb][\/vc_column][vc_column width=\u00bb1\/3&#8243; css=\u00bb.vc_custom_1665532735006{margin-top: 0px !important;margin-bottom: 0px !important;padding-top: 0px !important;padding-bottom: 0px !important;padding-left: 100px !important;background-position: 0 0 !important;background-repeat: no-repeat !important;}\u00bb el_class=\u00bbafter-border\u00bb][vc_custom_heading text=\u00bb2&#8243; font_container=\u00bbtag:p|font_size:38px|text_align:left|color:%23ffffff|line_height:30px\u00bb use_theme_fonts=\u00bbyes\u00bb el_class=\u00bbfont-resize font-bold\u00bb][vc_custom_heading text=\u00bbSedes\u00bb font_container=\u00bbtag:p|font_size:18px|text_align:left|color:%23ffffff|line_height:30px\u00bb use_theme_fonts=\u00bbyes\u00bb el_class=\u00bbfont-weight-medium\u00bb css=\u00bb.vc_custom_1665712022656{margin-top: 8px !important;margin-bottom: 0px !important;padding-top: 0px !important;padding-bottom: 0px !important;}\u00bb][vc_custom_heading text=\u00bbEn diferentes pa\u00edses\u00bb font_container=\u00bbtag:p|font_size:18px|text_align:left|color:%23ffffff|line_height:26px\u00bb use_theme_fonts=\u00bbyes\u00bb css=\u00bb.vc_custom_1665712082728{margin-top: 0px !important;margin-bottom: 0px !important;padding-top: 0px !important;padding-bottom: 0px !important;}\u00bb][\/vc_column][vc_column width=\u00bb1\/3&#8243; css=\u00bb.vc_custom_1665532743278{margin-top: 0px !important;margin-bottom: 0px !important;padding-top: 0px !important;padding-bottom: 0px !important;padding-left: 100px !important;background-image: url(https:\/\/smartlifeworld.org\/wp-content\/uploads\/2022\/10\/documento.png?id=11859) !important;background-position: 0 0 !important;background-repeat: no-repeat !important;}\u00bb][vc_custom_heading text=\u00bbMiles\u00bb font_container=\u00bbtag:p|font_size:38px|text_align:left|color:%23ffffff|line_height:30px\u00bb use_theme_fonts=\u00bbyes\u00bb el_class=\u00bbfont-resize font-bold\u00bb][vc_custom_heading text=\u00bbDe p\u00f3lizas\u00bb font_container=\u00bbtag:p|font_size:18px|text_align:left|color:%23ffffff|line_height:30px\u00bb use_theme_fonts=\u00bbyes\u00bb el_class=\u00bbfont-bold\u00bb css=\u00bb.vc_custom_1665712145399{margin-top: 8px !important;margin-bottom: 0px !important;padding-top: 0px !important;padding-bottom: 0px !important;}\u00bb][vc_custom_heading text=\u00bbConcretadas\u00bb font_container=\u00bbtag:p|font_size:18px|text_align:left|color:%23ffffff|line_height:26px\u00bb use_theme_fonts=\u00bbyes\u00bb css=\u00bb.vc_custom_1665712164576{margin-top: 0px !important;margin-bottom: 0px !important;padding-top: 0px !important;padding-bottom: 0px !important;}\u00bb][\/vc_column][\/vc_row][\/vc_section][vc_row full_width=\u00bbstretch_row_content\u00bb equal_height=\u00bbyes\u00bb css=\u00bb.vc_custom_1675537454469{padding-top: 0px !important;padding-bottom: 0px !important;}\u00bb][vc_column width=\u00bb1\/2&#8243; css=\u00bb.vc_custom_1675800218164{margin-top: 0px !important;margin-bottom: 0px !important;padding-top: 0px !important;padding-bottom: 0px !important;padding-left: 10% !important;}\u00bb][vc_empty_space height=\u00bb50px\u00bb][vc_custom_heading text=\u00bb\u00bfCon qui\u00e9nes trabajamos?\u00bb font_container=\u00bbtag:h1|text_align:left|color:%23003057&#8243; use_theme_fonts=\u00bbyes\u00bb el_class=\u00bbheading-left-border\u00bb][vc_custom_heading text=\u00bbRepresentamos un holding de empresas aseguradoras a nivel internacional, con excelentes calificaciones de riesgo. \u00a1Ofrecerte una protecci\u00f3n integral es nuestra prioridad!\u00bb font_container=\u00bbtag:p|text_align:left\u00bb use_theme_fonts=\u00bbyes\u00bb css=\u00bb.vc_custom_1673975011909{margin-top: 30px !important;margin-bottom: 25px !important;}\u00bb][vc_empty_space height=\u00bb50px\u00bb][\/vc_column][vc_column css_animation=\u00bbfadeInRight\u00bb width=\u00bb1\/2&#8243; css=\u00bb.vc_custom_1675537432461{margin-top: 0px !important;margin-bottom: 0px !important;padding-top: 0px !important;padding-right: 0px !important;padding-bottom: 0px !important;padding-left: 0px !important;background-image: url(https:\/\/smartlifeworld.org\/wp-content\/uploads\/2022\/10\/nosotros-pagina-3.3-web.jpg?id=12007) !important;background-position: center !important;background-repeat: no-repeat !important;background-size: cover !important;}\u00bb][vc_single_image image=\u00bb9010&#8243; img_size=\u00bbfull\u00bb css=\u00bb.vc_custom_1522818736273{margin-top: 0px !important;margin-right: 0px !important;margin-bottom: 0px !important;margin-left: 0px !important;padding-top: 0px !important;padding-right: 0px !important;padding-bottom: 0px !important;padding-left: 0px !important;}\u00bb el_class=\u00bbhidden-lg hidden-md hidden-sm visible-xs\u00bb][\/vc_column][\/vc_row]<\/p>\n<\/div>","protected":false},"excerpt":{"rendered":"<p>[vc_row full_width=\u00bbstretch_row_content\u00bb gap=\u00bb10&#8243; css=\u00bb.vc_custom_1673302198041{margin-top: 0px !important;margin-bottom: 0px !important;padding-top: 80px !important;padding-right: 4% !important;padding-bottom: 52px !important;padding-left: 4% !important;}\u00bb][vc_column css=\u00bb.vc_custom_1675800190681{margin-top: 0px !important;margin-bottom: 0px !important;padding-top: 0px !important;padding-bottom: 0px !important;padding-left: 6% !important;background-color: #ffffff !important;}\u00bb offset=\u00bbvc_col-lg-6 vc_col-md-12&#8243;][vc_custom_heading text=\u00bbTomar decisiones inteligentes, nos inspira a orientarte \u00a1Toma las tuyas!\u00bb font_container=\u00bbtag:h2|font_size:31|text_align:left|color:%23003057&#8243; use_theme_fonts=\u00bbyes\u00bb css_animation=\u00bbfadeIn\u00bb el_class=\u00bbheading-left-border\u00bb][vc_custom_heading text=\u00bbEn 2012, nuestra compa\u00f1\u00eda naci\u00f3 con la finalidad de apoyar [&hellip;]<\/p>\n","protected":false},"author":1,"featured_media":0,"parent":0,"menu_order":0,"comment_status":"closed","ping_status":"closed","template":"","meta":{"content-type":"","footnotes":""},"class_list":["post-8913","page","type-page","status-publish","hentry"],"lang":"es","translations":{"es":8913,"en":12060},"pll_sync_post":[],"_links":{"self":[{"href":"https:\/\/smartlifeworld.org\/index.php?rest_route=\/wp\/v2\/pages\/8913","targetHints":{"allow":["GET"]}}],"collection":[{"href":"https:\/\/smartlifeworld.org\/index.php?rest_route=\/wp\/v2\/pages"}],"about":[{"href":"https:\/\/smartlifeworld.org\/index.php?rest_route=\/wp\/v2\/types\/page"}],"author":[{"embeddable":true,"href":"https:\/\/smartlifeworld.org\/index.php?rest_route=\/wp\/v2\/users\/1"}],"replies":[{"embeddable":true,"href":"https:\/\/smartlifeworld.org\/index.php?rest_route=%2Fwp%2Fv2%2Fcomments&post=8913"}],"version-history":[{"count":81,"href":"https:\/\/smartlifeworld.org\/index.php?rest_route=\/wp\/v2\/pages\/8913\/revisions"}],"predecessor-version":[{"id":13195,"href":"https:\/\/smartlifeworld.org\/index.php?rest_route=\/wp\/v2\/pages\/8913\/revisions\/13195"}],"wp:attachment":[{"href":"https:\/\/smartlifeworld.org\/index.php?rest_route=%2Fwp%2Fv2%2Fmedia&parent=8913"}],"curies":[{"name":"wp","href":"https:\/\/api.w.org\/{rel}","templated":true}]}}